{"id":19183,"date":"2021-09-23T16:49:13","date_gmt":"2021-09-23T13:49:13","guid":{"rendered":"https:\/\/www.zeythin.com\/?post_type=product&#038;p=19183"},"modified":"2021-09-27T13:02:50","modified_gmt":"2021-09-27T10:02:50","slug":"green-craked-olive-550gr","status":"publish","type":"product","link":"https:\/\/www.zeythin.com\/en\/product\/green-craked-olive-550gr\/","title":{"rendered":"Green Craked Olive 550gr"},"content":{"rendered":"","protected":false},"excerpt":{"rendered":"<table border=\"0\" width=\"317\" cellspacing=\"0\" cellpadding=\"0\">\n<colgroup>\n<col width=\"136\" \/>\n<col width=\"181\" \/><\/colgroup>\n<tbody>\n<tr>\n<td class=\"xl65\" width=\"136\" height=\"20\">BARKOD<\/td>\n<td class=\"xl64\" width=\"181\">8682279223322<\/td>\n<\/tr>\n<tr>\n<td class=\"xl65\" height=\"20\">AMBALAJ<\/td>\n<td class=\"xl63\">KAVANOZ<\/td>\n<\/tr>\n<tr>\n<td class=\"xl65\" height=\"20\">\u00dcR\u00dcN C\u0130NS\u0130<\/td>\n<td class=\"xl63\">YE\u015e\u0130L KIRMA ZEYT\u0130N<\/td>\n<\/tr>\n<tr>\n<td class=\"xl65\" height=\"20\">S\u00dcZME<\/td>\n<td class=\"xl63\">550 gr<\/td>\n<\/tr>\n<tr>\n<td class=\"xl65\" height=\"20\">NET<\/td>\n<td class=\"xl63\">1040 gr<\/td>\n<\/tr>\n<tr>\n<td class=\"xl65\" height=\"20\">BR\u00dcT<\/td>\n<td class=\"xl63\">1540 gr<\/td>\n<\/tr>\n<tr>\n<td class=\"xl65\" height=\"20\">KOL\u0130 EN<\/td>\n<td class=\"xl63\">300 mm<\/td>\n<\/tr>\n<tr>\n<td class=\"xl65\" height=\"20\">KOL\u0130 BOY<\/td>\n<td class=\"xl63\">320 mm<\/td>\n<\/tr>\n<tr>\n<td class=\"xl65\" height=\"20\">KOL\u0130 Y\u00dcKSEKL\u0130K<\/td>\n<td class=\"xl63\">160 mm<\/td>\n<\/tr>\n<tr>\n<td class=\"xl65\" height=\"20\">PALET TAVA SAYISI<\/td>\n<td class=\"xl63\">84<\/td>\n<\/tr>\n<\/tbody>\n<\/table>\n","protected":false},"featured_media":19199,"comment_status":"closed","ping_status":"closed","template":"","meta":[],"product_brand":[],"product_cat":[263,261],"product_tag":[],"class_list":{"0":"post-19183","1":"product","2":"type-product","3":"status-publish","4":"has-post-thumbnail","6":"product_cat-cracked","7":"product_cat-green-olive","9":"first","10":"instock","11":"purchasable","12":"product-type-simple"},"_links":{"self":[{"href":"https:\/\/www.zeythin.com\/en\/wp-json\/wp\/v2\/product\/19183","targetHints":{"allow":["GET"]}}],"collection":[{"href":"https:\/\/www.zeythin.com\/en\/wp-json\/wp\/v2\/product"}],"about":[{"href":"https:\/\/www.zeythin.com\/en\/wp-json\/wp\/v2\/types\/product"}],"replies":[{"embeddable":true,"href":"https:\/\/www.zeythin.com\/en\/wp-json\/wp\/v2\/comments?post=19183"}],"wp:featuredmedia":[{"embeddable":true,"href":"https:\/\/www.zeythin.com\/en\/wp-json\/wp\/v2\/media\/19199"}],"wp:attachment":[{"href":"https:\/\/www.zeythin.com\/en\/wp-json\/wp\/v2\/media?parent=19183"}],"wp:term":[{"taxonomy":"product_brand","embeddable":true,"href":"https:\/\/www.zeythin.com\/en\/wp-json\/wp\/v2\/product_brand?post=19183"},{"taxonomy":"product_cat","embeddable":true,"href":"https:\/\/www.zeythin.com\/en\/wp-json\/wp\/v2\/product_cat?post=19183"},{"taxonomy":"product_tag","embeddable":true,"href":"https:\/\/www.zeythin.com\/en\/wp-json\/wp\/v2\/product_tag?post=19183"}],"curies":[{"name":"wp","href":"https:\/\/api.w.org\/{rel}","templated":true}]}}