{"id":19184,"date":"2021-09-23T16:53:20","date_gmt":"2021-09-23T13:53:20","guid":{"rendered":"https:\/\/www.zeythin.com\/?post_type=product&#038;p=19184"},"modified":"2021-09-27T12:54:57","modified_gmt":"2021-09-27T09:54:57","slug":"green-olive-550gr","status":"publish","type":"product","link":"https:\/\/www.zeythin.com\/en\/product\/green-olive-550gr\/","title":{"rendered":"Green Olive 550gr"},"content":{"rendered":"","protected":false},"excerpt":{"rendered":"<table style=\"letter-spacing: 0px;\" border=\"0\" cellspacing=\"1\" cellpadding=\"1\">\n<tbody>\n<tr>\n<td><strong>Barkod<\/strong><\/td>\n<td>8682279223001<\/td>\n<\/tr>\n<tr>\n<td><strong>Ambalaj<\/strong><\/td>\n<td>F\u0131\u015f\u0131 Teneke<\/td>\n<\/tr>\n<tr>\n<td><strong>\u00dcr\u00fcn Cinsi<\/strong><\/td>\n<td>\u00c7ekirdekli Ye\u015fil Zeytin<\/td>\n<\/tr>\n<tr>\n<td><strong>S\u00fczme<\/strong><\/td>\n<td>550 gr<\/td>\n<\/tr>\n<tr>\n<td><strong>Net<\/strong><\/td>\n<td>930 gr<\/td>\n<\/tr>\n<tr>\n<td><strong>Br\u00fct<\/strong><\/td>\n<td>1020 gr<\/td>\n<\/tr>\n<tr>\n<td><strong>Koli \u0130\u00e7 Adet<\/strong><\/td>\n<td>12<\/td>\n<\/tr>\n<tr>\n<td><strong>Koli En\u00a0<\/strong><\/td>\n<td>225 mm<\/td>\n<\/tr>\n<tr>\n<td><strong>Koli Boy<\/strong><\/td>\n<td>330 mm<\/td>\n<\/tr>\n<tr>\n<td><strong>Koli Y\u00fckseklik<\/strong><\/td>\n<td>255 mm<\/td>\n<\/tr>\n<tr>\n<td><strong>Palet Koli Say\u0131s\u0131<\/strong><\/td>\n<td>80<\/td>\n<\/tr>\n<\/tbody>\n<\/table>\n","protected":false},"featured_media":18893,"comment_status":"closed","ping_status":"closed","template":"","meta":[],"product_brand":[],"product_cat":[261],"product_tag":[],"class_list":{"0":"post-19184","1":"product","2":"type-product","3":"status-publish","4":"has-post-thumbnail","6":"product_cat-green-olive","8":"first","9":"instock","10":"purchasable","11":"product-type-simple"},"_links":{"self":[{"href":"https:\/\/www.zeythin.com\/en\/wp-json\/wp\/v2\/product\/19184","targetHints":{"allow":["GET"]}}],"collection":[{"href":"https:\/\/www.zeythin.com\/en\/wp-json\/wp\/v2\/product"}],"about":[{"href":"https:\/\/www.zeythin.com\/en\/wp-json\/wp\/v2\/types\/product"}],"replies":[{"embeddable":true,"href":"https:\/\/www.zeythin.com\/en\/wp-json\/wp\/v2\/comments?post=19184"}],"wp:featuredmedia":[{"embeddable":true,"href":"https:\/\/www.zeythin.com\/en\/wp-json\/wp\/v2\/media\/18893"}],"wp:attachment":[{"href":"https:\/\/www.zeythin.com\/en\/wp-json\/wp\/v2\/media?parent=19184"}],"wp:term":[{"taxonomy":"product_brand","embeddable":true,"href":"https:\/\/www.zeythin.com\/en\/wp-json\/wp\/v2\/product_brand?post=19184"},{"taxonomy":"product_cat","embeddable":true,"href":"https:\/\/www.zeythin.com\/en\/wp-json\/wp\/v2\/product_cat?post=19184"},{"taxonomy":"product_tag","embeddable":true,"href":"https:\/\/www.zeythin.com\/en\/wp-json\/wp\/v2\/product_tag?post=19184"}],"curies":[{"name":"wp","href":"https:\/\/api.w.org\/{rel}","templated":true}]}}