{"id":19201,"date":"2021-09-27T14:29:56","date_gmt":"2021-09-27T11:29:56","guid":{"rendered":"https:\/\/www.zeythin.com\/?post_type=product&#038;p=19201"},"modified":"2021-09-27T14:29:56","modified_gmt":"2021-09-27T11:29:56","slug":"cracked-green-olives-900gr","status":"publish","type":"product","link":"https:\/\/www.zeythin.com\/en\/product\/cracked-green-olives-900gr\/","title":{"rendered":"Cracked Green Olives 900gr"},"content":{"rendered":"","protected":false},"excerpt":{"rendered":"<table border=\"0\" width=\"317\" cellspacing=\"0\" cellpadding=\"0\">\n<colgroup>\n<col width=\"136\" \/>\n<col width=\"181\" \/><\/colgroup>\n<tbody>\n<tr>\n<td class=\"xl67\" width=\"136\" height=\"20\">BARKOD<\/td>\n<td class=\"xl66\" width=\"181\">8682279223704<\/td>\n<\/tr>\n<tr>\n<td class=\"xl67\" height=\"20\">AMBALAJ<\/td>\n<td class=\"xl65\">KAVANOZ<\/td>\n<\/tr>\n<tr>\n<td class=\"xl67\" height=\"20\">\u00dcR\u00dcN C\u0130NS\u0130<\/td>\n<td class=\"xl65\">YE\u015e\u0130L KIRMA ZEYT\u0130N<\/td>\n<\/tr>\n<tr>\n<td class=\"xl67\" height=\"20\">S\u00dcZME<\/td>\n<td class=\"xl65\">900 GR<\/td>\n<\/tr>\n<tr>\n<td class=\"xl67\" height=\"20\">NET<\/td>\n<td class=\"xl65\">1575 GR<\/td>\n<\/tr>\n<tr>\n<td class=\"xl67\" height=\"20\">BR\u00dcT<\/td>\n<td class=\"xl65\">2135 GR<\/td>\n<\/tr>\n<tr>\n<td class=\"xl67\" height=\"20\">KOL\u0130 EN<\/td>\n<td class=\"xl65\">240 MM<\/td>\n<\/tr>\n<tr>\n<td class=\"xl67\" height=\"20\">KOL\u0130 BOY<\/td>\n<td class=\"xl65\">370 MM<\/td>\n<\/tr>\n<tr>\n<td class=\"xl67\" height=\"20\">KOL\u0130 Y\u00dcKSEKL\u0130K<\/td>\n<td class=\"xl65\">180 MM<\/td>\n<\/tr>\n<tr>\n<td class=\"xl67\" height=\"20\">PALET TAVA SAYISI<\/td>\n<td class=\"xl65\">84<\/td>\n<\/tr>\n<\/tbody>\n<\/table>\n","protected":false},"featured_media":19203,"comment_status":"closed","ping_status":"closed","template":"","meta":[],"product_brand":[],"product_cat":[271,263,261,272,270],"product_tag":[273,274,275],"class_list":{"0":"post-19201","1":"product","2":"type-product","3":"status-publish","4":"has-post-thumbnail","6":"product_cat-cam-kavanoz-en","7":"product_cat-cracked","8":"product_cat-green-olive","9":"product_cat-kirma-en","10":"product_cat-yesil-zeytin-en","11":"product_tag-cam-kavanoz-en","12":"product_tag-kirma-en","13":"product_tag-yesil-zeytin-en","15":"first","16":"instock","17":"purchasable","18":"product-type-simple"},"_links":{"self":[{"href":"https:\/\/www.zeythin.com\/en\/wp-json\/wp\/v2\/product\/19201","targetHints":{"allow":["GET"]}}],"collection":[{"href":"https:\/\/www.zeythin.com\/en\/wp-json\/wp\/v2\/product"}],"about":[{"href":"https:\/\/www.zeythin.com\/en\/wp-json\/wp\/v2\/types\/product"}],"replies":[{"embeddable":true,"href":"https:\/\/www.zeythin.com\/en\/wp-json\/wp\/v2\/comments?post=19201"}],"wp:featuredmedia":[{"embeddable":true,"href":"https:\/\/www.zeythin.com\/en\/wp-json\/wp\/v2\/media\/19203"}],"wp:attachment":[{"href":"https:\/\/www.zeythin.com\/en\/wp-json\/wp\/v2\/media?parent=19201"}],"wp:term":[{"taxonomy":"product_brand","embeddable":true,"href":"https:\/\/www.zeythin.com\/en\/wp-json\/wp\/v2\/product_brand?post=19201"},{"taxonomy":"product_cat","embeddable":true,"href":"https:\/\/www.zeythin.com\/en\/wp-json\/wp\/v2\/product_cat?post=19201"},{"taxonomy":"product_tag","embeddable":true,"href":"https:\/\/www.zeythin.com\/en\/wp-json\/wp\/v2\/product_tag?post=19201"}],"curies":[{"name":"wp","href":"https:\/\/api.w.org\/{rel}","templated":true}]}}