{"id":19217,"date":"2021-09-27T15:03:06","date_gmt":"2021-09-27T12:03:06","guid":{"rendered":"https:\/\/www.zeythin.com\/?post_type=product&#038;p=19217"},"modified":"2021-09-27T15:07:15","modified_gmt":"2021-09-27T12:07:15","slug":"green-olive-stuffed-with-pepper-900gr-2","status":"publish","type":"product","link":"https:\/\/www.zeythin.com\/en\/product\/green-olive-stuffed-with-pepper-900gr-2\/","title":{"rendered":"Green Olive Stuffed with Pepper 900gr"},"content":{"rendered":"","protected":false},"excerpt":{"rendered":"<table border=\"0\" width=\"317\" cellspacing=\"0\" cellpadding=\"0\">\n<colgroup>\n<col width=\"136\" \/>\n<col width=\"181\" \/><\/colgroup>\n<tbody>\n<tr>\n<td class=\"xl67\" width=\"136\" height=\"20\">BARKOD<\/td>\n<td class=\"xl66\" width=\"181\">8682279223698<\/td>\n<\/tr>\n<tr>\n<td class=\"xl67\" height=\"20\">AMBALAJ<\/td>\n<td class=\"xl65\">KAVANOZ<\/td>\n<\/tr>\n<tr>\n<td class=\"xl67\" height=\"20\">\u00dcR\u00dcN C\u0130NS\u0130<\/td>\n<td class=\"xl65\">B\u0130BERL\u0130 ZEYT\u0130N<\/td>\n<\/tr>\n<tr>\n<td class=\"xl67\" height=\"20\">S\u00dcZME<\/td>\n<td class=\"xl65\">900 GR<\/td>\n<\/tr>\n<tr>\n<td class=\"xl67\" height=\"20\">NET<\/td>\n<td class=\"xl65\">1575 GR<\/td>\n<\/tr>\n<tr>\n<td class=\"xl67\" height=\"20\">BR\u00dcT<\/td>\n<td class=\"xl65\">2135 GR<\/td>\n<\/tr>\n<tr>\n<td class=\"xl67\" height=\"20\">KOL\u0130 EN<\/td>\n<td class=\"xl65\">240 MM<\/td>\n<\/tr>\n<tr>\n<td class=\"xl67\" height=\"20\">KOL\u0130 BOY<\/td>\n<td class=\"xl65\">370 MM<\/td>\n<\/tr>\n<tr>\n<td class=\"xl67\" height=\"20\">KOL\u0130 Y\u00dcKSEKL\u0130K<\/td>\n<td class=\"xl65\">180 MM<\/td>\n<\/tr>\n<tr>\n<td class=\"xl67\" height=\"20\">PALET TAVA SAYISI<\/td>\n<td class=\"xl65\">84<\/td>\n<\/tr>\n<\/tbody>\n<\/table>\n","protected":false},"featured_media":19218,"comment_status":"closed","ping_status":"closed","template":"","meta":[],"product_brand":[],"product_cat":[261,264],"product_tag":[],"class_list":{"0":"post-19217","1":"product","2":"type-product","3":"status-publish","4":"has-post-thumbnail","6":"product_cat-green-olive","7":"product_cat-peppery","9":"first","10":"instock","11":"purchasable","12":"product-type-simple"},"_links":{"self":[{"href":"https:\/\/www.zeythin.com\/en\/wp-json\/wp\/v2\/product\/19217","targetHints":{"allow":["GET"]}}],"collection":[{"href":"https:\/\/www.zeythin.com\/en\/wp-json\/wp\/v2\/product"}],"about":[{"href":"https:\/\/www.zeythin.com\/en\/wp-json\/wp\/v2\/types\/product"}],"replies":[{"embeddable":true,"href":"https:\/\/www.zeythin.com\/en\/wp-json\/wp\/v2\/comments?post=19217"}],"wp:featuredmedia":[{"embeddable":true,"href":"https:\/\/www.zeythin.com\/en\/wp-json\/wp\/v2\/media\/19218"}],"wp:attachment":[{"href":"https:\/\/www.zeythin.com\/en\/wp-json\/wp\/v2\/media?parent=19217"}],"wp:term":[{"taxonomy":"product_brand","embeddable":true,"href":"https:\/\/www.zeythin.com\/en\/wp-json\/wp\/v2\/product_brand?post=19217"},{"taxonomy":"product_cat","embeddable":true,"href":"https:\/\/www.zeythin.com\/en\/wp-json\/wp\/v2\/product_cat?post=19217"},{"taxonomy":"product_tag","embeddable":true,"href":"https:\/\/www.zeythin.com\/en\/wp-json\/wp\/v2\/product_tag?post=19217"}],"curies":[{"name":"wp","href":"https:\/\/api.w.org\/{rel}","templated":true}]}}