{"id":19225,"date":"2021-09-27T15:29:51","date_gmt":"2021-09-27T12:29:51","guid":{"rendered":"https:\/\/www.zeythin.com\/?post_type=product&#038;p=19225"},"modified":"2021-09-27T15:34:41","modified_gmt":"2021-09-27T12:34:41","slug":"green-scratched-olive-900gr-2","status":"publish","type":"product","link":"https:\/\/www.zeythin.com\/en\/product\/green-scratched-olive-900gr-2\/","title":{"rendered":"Green Scratched Olive 900gr"},"content":{"rendered":"","protected":false},"excerpt":{"rendered":"<table border=\"0\" width=\"317\" cellspacing=\"0\" cellpadding=\"0\">\n<colgroup>\n<col width=\"136\" \/>\n<col width=\"181\" \/><\/colgroup>\n<tbody>\n<tr>\n<td class=\"xl67\" width=\"136\" height=\"20\">BARKOD<\/td>\n<td class=\"xl66\" width=\"181\">8682279223636<\/td>\n<\/tr>\n<tr>\n<td class=\"xl67\" height=\"20\">AMBALAJ<\/td>\n<td class=\"xl65\">VERONACAMPET<\/td>\n<\/tr>\n<tr>\n<td class=\"xl67\" height=\"20\">\u00dcR\u00dcN C\u0130NS\u0130<\/td>\n<td class=\"xl65\">YE\u015e\u0130L \u00c7\u0130Z\u0130K ZEYT\u0130N<\/td>\n<\/tr>\n<tr>\n<td class=\"xl67\" height=\"20\">S\u00dcZME<\/td>\n<td class=\"xl65\">900 GR<\/td>\n<\/tr>\n<tr>\n<td class=\"xl67\" height=\"20\">NET<\/td>\n<td class=\"xl65\">1580 GR<\/td>\n<\/tr>\n<tr>\n<td class=\"xl67\" height=\"20\">BR\u00dcT<\/td>\n<td class=\"xl65\">1750 GR<\/td>\n<\/tr>\n<tr>\n<td class=\"xl67\" height=\"20\">KOL\u0130 EN<\/td>\n<td class=\"xl65\">335 MM<\/td>\n<\/tr>\n<tr>\n<td class=\"xl67\" height=\"20\">KOL\u0130 BOY<\/td>\n<td class=\"xl65\">345 MM<\/td>\n<\/tr>\n<tr>\n<td class=\"xl67\" height=\"20\">KOL\u0130 Y\u00dcKSEKL\u0130K<\/td>\n<td class=\"xl65\">195 MM<\/td>\n<\/tr>\n<tr>\n<td class=\"xl67\" height=\"20\">PALET TAVA SAYISI<\/td>\n<td class=\"xl65\">63<\/td>\n<\/tr>\n<\/tbody>\n<\/table>\n<p>&nbsp;<\/p>\n","protected":false},"featured_media":19226,"comment_status":"closed","ping_status":"closed","template":"","meta":[],"product_brand":[],"product_cat":[261,262],"product_tag":[],"class_list":{"0":"post-19225","1":"product","2":"type-product","3":"status-publish","4":"has-post-thumbnail","6":"product_cat-green-olive","7":"product_cat-scratched","9":"first","10":"instock","11":"purchasable","12":"product-type-simple"},"_links":{"self":[{"href":"https:\/\/www.zeythin.com\/en\/wp-json\/wp\/v2\/product\/19225","targetHints":{"allow":["GET"]}}],"collection":[{"href":"https:\/\/www.zeythin.com\/en\/wp-json\/wp\/v2\/product"}],"about":[{"href":"https:\/\/www.zeythin.com\/en\/wp-json\/wp\/v2\/types\/product"}],"replies":[{"embeddable":true,"href":"https:\/\/www.zeythin.com\/en\/wp-json\/wp\/v2\/comments?post=19225"}],"wp:featuredmedia":[{"embeddable":true,"href":"https:\/\/www.zeythin.com\/en\/wp-json\/wp\/v2\/media\/19226"}],"wp:attachment":[{"href":"https:\/\/www.zeythin.com\/en\/wp-json\/wp\/v2\/media?parent=19225"}],"wp:term":[{"taxonomy":"product_brand","embeddable":true,"href":"https:\/\/www.zeythin.com\/en\/wp-json\/wp\/v2\/product_brand?post=19225"},{"taxonomy":"product_cat","embeddable":true,"href":"https:\/\/www.zeythin.com\/en\/wp-json\/wp\/v2\/product_cat?post=19225"},{"taxonomy":"product_tag","embeddable":true,"href":"https:\/\/www.zeythin.com\/en\/wp-json\/wp\/v2\/product_tag?post=19225"}],"curies":[{"name":"wp","href":"https:\/\/api.w.org\/{rel}","templated":true}]}}