{"id":19260,"date":"2021-09-28T15:30:35","date_gmt":"2021-09-28T12:30:35","guid":{"rendered":"https:\/\/www.zeythin.com\/?post_type=product&#038;p=19260"},"modified":"2021-09-28T15:40:35","modified_gmt":"2021-09-28T12:40:35","slug":"green-olive-stuffed-with-pepper-500gr","status":"publish","type":"product","link":"https:\/\/www.zeythin.com\/en\/product\/green-olive-stuffed-with-pepper-500gr\/","title":{"rendered":"Green Olive Stuffed with Pepper 500gr"},"content":{"rendered":"","protected":false},"excerpt":{"rendered":"<table border=\"0\" width=\"317\" cellspacing=\"0\" cellpadding=\"0\">\n<colgroup>\n<col width=\"136\" \/>\n<col width=\"181\" \/><\/colgroup>\n<tbody>\n<tr>\n<td class=\"xl67\" width=\"136\" height=\"20\">BARKOD<\/td>\n<td class=\"xl66\" width=\"181\">8682279223643<\/td>\n<\/tr>\n<tr>\n<td class=\"xl67\" height=\"20\">AMBALAJ<\/td>\n<td class=\"xl65\">KAVANOZ<\/td>\n<\/tr>\n<tr>\n<td class=\"xl67\" height=\"20\">\u00dcR\u00dcN C\u0130NS\u0130<\/td>\n<td class=\"xl65\">B\u0130BERL\u0130 ZEYT\u0130N<\/td>\n<\/tr>\n<tr>\n<td class=\"xl67\" height=\"20\">S\u00dcZME<\/td>\n<td class=\"xl65\">270 GR<\/td>\n<\/tr>\n<tr>\n<td class=\"xl67\" height=\"20\">NET<\/td>\n<td class=\"xl65\">500 GR<\/td>\n<\/tr>\n<tr>\n<td class=\"xl67\" height=\"20\">BR\u00dcT<\/td>\n<td class=\"xl65\">745 GR<\/td>\n<\/tr>\n<tr>\n<td class=\"xl67\" height=\"20\">KOL\u0130 EN<\/td>\n<td class=\"xl65\">215 MM<\/td>\n<\/tr>\n<tr>\n<td class=\"xl67\" height=\"20\">KOL\u0130 BOY<\/td>\n<td class=\"xl65\">300 MM<\/td>\n<\/tr>\n<tr>\n<td class=\"xl67\" height=\"20\">KOL\u0130 Y\u00dcKSEKL\u0130K<\/td>\n<td class=\"xl65\">165MM<\/td>\n<\/tr>\n<tr>\n<td class=\"xl67\" height=\"20\">PALET TAVA SAYISI<\/td>\n<td class=\"xl65\">119<\/td>\n<\/tr>\n<\/tbody>\n<\/table>\n","protected":false},"featured_media":19261,"comment_status":"closed","ping_status":"closed","template":"","meta":[],"product_brand":[],"product_cat":[271,261,264],"product_tag":[],"class_list":{"0":"post-19260","1":"product","2":"type-product","3":"status-publish","4":"has-post-thumbnail","6":"product_cat-cam-kavanoz-en","7":"product_cat-green-olive","8":"product_cat-peppery","10":"first","11":"instock","12":"purchasable","13":"product-type-simple"},"_links":{"self":[{"href":"https:\/\/www.zeythin.com\/en\/wp-json\/wp\/v2\/product\/19260","targetHints":{"allow":["GET"]}}],"collection":[{"href":"https:\/\/www.zeythin.com\/en\/wp-json\/wp\/v2\/product"}],"about":[{"href":"https:\/\/www.zeythin.com\/en\/wp-json\/wp\/v2\/types\/product"}],"replies":[{"embeddable":true,"href":"https:\/\/www.zeythin.com\/en\/wp-json\/wp\/v2\/comments?post=19260"}],"wp:featuredmedia":[{"embeddable":true,"href":"https:\/\/www.zeythin.com\/en\/wp-json\/wp\/v2\/media\/19261"}],"wp:attachment":[{"href":"https:\/\/www.zeythin.com\/en\/wp-json\/wp\/v2\/media?parent=19260"}],"wp:term":[{"taxonomy":"product_brand","embeddable":true,"href":"https:\/\/www.zeythin.com\/en\/wp-json\/wp\/v2\/product_brand?post=19260"},{"taxonomy":"product_cat","embeddable":true,"href":"https:\/\/www.zeythin.com\/en\/wp-json\/wp\/v2\/product_cat?post=19260"},{"taxonomy":"product_tag","embeddable":true,"href":"https:\/\/www.zeythin.com\/en\/wp-json\/wp\/v2\/product_tag?post=19260"}],"curies":[{"name":"wp","href":"https:\/\/api.w.org\/{rel}","templated":true}]}}